{"id":129,"date":"2018-12-04T00:02:50","date_gmt":"2018-12-04T00:02:50","guid":{"rendered":"http:\/\/www.ozarkawaterok.com\/?post_type=product&#038;p=129"},"modified":"2023-03-16T21:55:30","modified_gmt":"2023-03-16T21:55:30","slug":"bunn-vpr","status":"publish","type":"product","link":"https:\/\/www.ozarkah2o.com\/es\/shop\/coffee\/brewers\/bunn-vpr\/","title":{"rendered":"BUNN VPR"},"content":{"rendered":"<p>VPR<\/p>\n<p>La BUNN VPR cafetera ha sido la opci\u00f3n preferida para la cafetera verter en peque\u00f1as oficinas en todo el pa\u00eds durante muchos a\u00f1os. Es b\u00e1sico, confiable, f\u00e1cil de usar y resistente. La BUNN VPR cafetera tiene 2 calentadores y puede preparar 8 ollas de caf\u00e9 caliente en una hora. El dep\u00f3sito de agua caliente mantiene el agua a la temperatura de preparar caf\u00e9 perfecta.<\/p>","protected":false},"excerpt":{"rendered":"<p>VPR<\/p>\n<p>La BUNN VPR cafetera ha sido la opci\u00f3n preferida para la cafetera verter en peque\u00f1as oficinas en todo el pa\u00eds durante muchos a\u00f1os. Es b\u00e1sico, confiable, f\u00e1cil de usar y resistente. La BUNN VPR cafetera tiene 2 calentadores y puede preparar 8 ollas de caf\u00e9 caliente en una hora. El dep\u00f3sito de agua caliente mantiene el agua a la temperatura de preparar caf\u00e9 perfecta.<\/p>","protected":false},"featured_media":590,"template":"","meta":[],"acf":[],"_links":{"self":[{"href":"https:\/\/www.ozarkah2o.com\/es\/wp-json\/wp\/v2\/product\/129"}],"collection":[{"href":"https:\/\/www.ozarkah2o.com\/es\/wp-json\/wp\/v2\/product"}],"about":[{"href":"https:\/\/www.ozarkah2o.com\/es\/wp-json\/wp\/v2\/types\/product"}],"wp:featuredmedia":[{"embeddable":true,"href":"https:\/\/www.ozarkah2o.com\/es\/wp-json\/wp\/v2\/media\/590"}],"wp:attachment":[{"href":"https:\/\/www.ozarkah2o.com\/es\/wp-json\/wp\/v2\/media?parent=129"}],"curies":[{"name":"wp","href":"https:\/\/api.w.org\/{rel}","templated":true}]}}