{"id":1061,"date":"2019-01-04T21:05:54","date_gmt":"2019-01-04T21:05:54","guid":{"rendered":"http:\/\/www.ozarkawaterok.com\/?post_type=product&#038;p=1061"},"modified":"2023-03-16T21:58:22","modified_gmt":"2023-03-16T21:58:22","slug":"ace-lp-3-burner-coffee-maker","status":"publish","type":"product","link":"https:\/\/www.ozarkah2o.com\/es\/shop\/coffee\/brewers\/ace-lp-3-burner-coffee-maker\/","title":{"rendered":"ACE LP 3-Calentadores Cafetera"},"content":{"rendered":"<p>ACE LP<\/p>\n<p>Newco Low Profile 3 Calentadores Auto con Cafetera Plomada para la capacidad de ofrecer una mayor variedad de caf\u00e9, t\u00e9 caliente y cacao caliente a grupos m\u00e1s grandes de personas. Los cafeteras de la serie Newco ACE son elegantes, compactos y est\u00e1n tienen mucha tecnolog\u00eda avanzada para preparer lo mejor caf\u00e9 posible.<\/p>","protected":false},"excerpt":{"rendered":"<p>ACE LP<\/p>\n<p>Newco Low Profile 3 Calentadores Auto con Cafetera Plomada para la capacidad de ofrecer una mayor variedad de caf\u00e9, t\u00e9 caliente y cacao caliente a grupos m\u00e1s grandes de personas. Los cafeteras de la serie Newco ACE son elegantes, compactos y est\u00e1n tienen mucha tecnolog\u00eda avanzada para preparer lo mejor caf\u00e9 posible.<\/p>","protected":false},"featured_media":1062,"template":"","meta":[],"acf":[],"_links":{"self":[{"href":"https:\/\/www.ozarkah2o.com\/es\/wp-json\/wp\/v2\/product\/1061"}],"collection":[{"href":"https:\/\/www.ozarkah2o.com\/es\/wp-json\/wp\/v2\/product"}],"about":[{"href":"https:\/\/www.ozarkah2o.com\/es\/wp-json\/wp\/v2\/types\/product"}],"wp:featuredmedia":[{"embeddable":true,"href":"https:\/\/www.ozarkah2o.com\/es\/wp-json\/wp\/v2\/media\/1062"}],"wp:attachment":[{"href":"https:\/\/www.ozarkah2o.com\/es\/wp-json\/wp\/v2\/media?parent=1061"}],"curies":[{"name":"wp","href":"https:\/\/api.w.org\/{rel}","templated":true}]}}